{"id":24,"date":"2026-03-30T11:45:16","date_gmt":"2026-03-30T11:45:16","guid":{"rendered":"https:\/\/charming-lamarr.185-194-237-137.plesk.page\/?page_id=24"},"modified":"2026-04-22T10:56:19","modified_gmt":"2026-04-22T10:56:19","slug":"kontakt","status":"publish","type":"page","link":"https:\/\/www.hotel-rid.de\/en\/kontakt\/","title":{"rendered":"CONTACT"},"content":{"rendered":"\t\t<div data-elementor-type=\"wp-page\" data-elementor-id=\"24\" class=\"elementor elementor-24\" data-elementor-post-type=\"page\">\n\t\t\t\t\t\t<section class=\"elementor-section elementor-top-section elementor-element elementor-element-d8fd61a elementor-section-full_width elementor-hidden-mobile elementor-section-height-default elementor-section-height-default\" data-id=\"d8fd61a\" data-element_type=\"section\" data-e-type=\"section\">\n\t\t\t\t\t\t<div class=\"elementor-container elementor-column-gap-default\">\n\t\t\t\t\t<div class=\"elementor-column elementor-col-50 elementor-top-column elementor-element elementor-element-1d1eed7\" data-id=\"1d1eed7\" data-element_type=\"column\" data-e-type=\"column\" data-settings=\"{&quot;background_background&quot;:&quot;classic&quot;}\">\n\t\t\t<div class=\"elementor-widget-wrap elementor-element-populated\">\n\t\t\t\t\t\t<section class=\"elementor-section elementor-inner-section elementor-element elementor-element-dfeda94 elementor-section-boxed elementor-section-height-default elementor-section-height-default\" data-id=\"dfeda94\" data-element_type=\"section\" data-e-type=\"section\">\n\t\t\t\t\t\t<div class=\"elementor-container elementor-column-gap-default\">\n\t\t\t\t\t<div class=\"elementor-column elementor-col-100 elementor-inner-column elementor-element elementor-element-3003932 elementor-invisible\" data-id=\"3003932\" data-element_type=\"column\" data-e-type=\"column\" data-settings=\"{&quot;background_background&quot;:&quot;slideshow&quot;,&quot;animation&quot;:&quot;fadeInDown&quot;,&quot;animation_delay&quot;:100,&quot;background_slideshow_gallery&quot;:[{&quot;id&quot;:1195,&quot;url&quot;:&quot;https:\\\/\\\/www.hotel-rid.de\\\/wp-content\\\/uploads\\\/2026\\\/04\\\/imgi_24_kontakt_1_0.jpg&quot;}],&quot;background_slideshow_loop&quot;:&quot;yes&quot;,&quot;background_slideshow_slide_duration&quot;:5000,&quot;background_slideshow_slide_transition&quot;:&quot;fade&quot;,&quot;background_slideshow_transition_duration&quot;:500}\">\n\t\t\t<div class=\"elementor-widget-wrap elementor-element-populated\">\n\t\t\t\t\t\t<div class=\"elementor-element elementor-element-200545a elementor-widget elementor-widget-spacer\" data-id=\"200545a\" data-element_type=\"widget\" data-e-type=\"widget\" data-widget_type=\"spacer.default\">\n\t\t\t\t\t\t\t<div class=\"elementor-spacer\">\n\t\t\t<div class=\"elementor-spacer-inner\"><\/div>\n\t\t<\/div>\n\t\t\t\t\t\t<\/div>\n\t\t\t\t\t<\/div>\n\t\t<\/div>\n\t\t\t\t\t<\/div>\n\t\t<\/section>\n\t\t\t\t<section class=\"elementor-section elementor-inner-section elementor-element elementor-element-c0b8d7e animated-slow elementor-section-boxed elementor-section-height-default elementor-section-height-default elementor-invisible\" data-id=\"c0b8d7e\" data-element_type=\"section\" data-e-type=\"section\" data-settings=\"{&quot;background_background&quot;:&quot;classic&quot;,&quot;animation&quot;:&quot;fadeIn&quot;}\">\n\t\t\t\t\t\t<div class=\"elementor-container elementor-column-gap-default\">\n\t\t\t\t\t<div class=\"elementor-column elementor-col-100 elementor-inner-column elementor-element elementor-element-5ee1198 animated-slow elementor-invisible\" data-id=\"5ee1198\" data-element_type=\"column\" data-e-type=\"column\" data-settings=\"{&quot;animation&quot;:&quot;fadeIn&quot;,&quot;animation_delay&quot;:1000}\">\n\t\t\t<div class=\"elementor-widget-wrap elementor-element-populated\">\n\t\t\t\t\t\t<div class=\"elementor-element elementor-element-8df7dd9 elementor-widget elementor-widget-html\" data-id=\"8df7dd9\" data-element_type=\"widget\" data-e-type=\"widget\" data-widget_type=\"html.default\">\n\t\t\t\t\t<div id=\"wrapper-1\" class=\"hotel-outer-box\">\r\n    <svg viewBox=\"0 0 500 500\" preserveAspectRatio=\"none\" class=\"hotel-line-svg\">\r\n        <path d=\"M350,2 L2,2 L2,498 L340,498\" class=\"drawing-path\"><\/path>\r\n    <\/svg>\r\n\r\n    <div class=\"hotel-text-content\">\r\n        <div class=\"text-columns-wrapper\">\r\n            <div class=\"text-column\">\r\n                <h3 class=\"hotel-heading\">Hotel Rid<\/h3>\r\n                <p>Bahnhofstra\u00dfe 24<br>\r\n                86916 Kaufering<br>\r\n                Rezeption: <a href=\"tel:+4981916580\">+49 8191 658 0<\/a><br>\r\n                Telefax: <a href=\"tel:+498191658329\">+49 8191 658 329<\/a><br>\r\n                E-Mail (Rezeption): <a href=\"mailto:mail@hotel-rid.de\">mail@hotel-rid.de<\/a>\r\n                <\/p><br>\r\n                <p >Unsere Entfernung nach M\u00fcnchen betr\u00e4gt ca. 50 km. Kaufering liegt ideal auf der Strecke f\u00fcr Reisende, die zwischen M\u00fcnchen und Lindau bzw. in die Schweiz unterwegs sind.<\/p><br>\r\n                <p>Der Bahnhof von Kaufering ist gegen\u00fcber von unserem Hotel. Alle 40 Minuten f\u00e4hrt dort ein Zug in die Landeshauptstadt.<\/p>\r\n            <\/div>\r\n            <div class=\"text-column\">\r\n                <h3 class=\"hotel-heading\">\u00d6ffnungszeiten Rezeption<\/h3>\r\n                <p>Mo-Fr: 6:30 - 22:00 Uhr<\/p>\r\n                <p>An Wochenenden und Feiertagen ist unsere Rezeption nicht durchg\u00e4ngig besetzt.<\/p>\r\n            <\/div>\r\n        <\/div>\r\n    <\/div>\r\n<\/div>\r\n\r\n<style>\r\n\/* 1. INITIAL HIDDEN STATES *\/\r\n#btn-1, #wrapper-1 { \r\n    opacity: 0; \r\n    visibility: hidden;\r\n    will-change: opacity;\r\n}\r\n\r\n.hotel-outer-box {\r\n    position: relative;\r\n    width: 100%;\r\n    max-width: 800px; \/* Adjusted for two columns *\/\r\n    display: inline-block; \r\n}\r\n\r\n\/* 2. THE LINE - WHITE VERSION *\/\r\n.hotel-line-svg {\r\n    position: absolute;\r\n    top: 0; left: 0;\r\n    width: 100%; height: 100%;\r\n    fill: none;\r\n    z-index: 1;\r\n}\r\n\r\n#wrapper-1 .drawing-path {\r\n    stroke: #ffffff;\r\n    stroke-width: 2;\r\n    stroke-dasharray: 3500;\r\n    stroke-dashoffset: 3500;\r\n    vector-effect: non-scaling-stroke;\r\n    stroke-linecap: round;\r\n    stroke-linejoin: round;\r\n}\r\n\r\n\/* 3. THE TEXT CONTENT *\/\r\n#wrapper-1 .hotel-text-content {\r\n    position: relative;\r\n    z-index: 2;\r\n    padding: 70px 40px 40px 40px; \r\n    font-family: 'Roboto Condensed', sans-serif;\r\n    font-weight: 300;\r\n    font-size: 14px;\r\n    line-height: 1.7;\r\n    color: #ffffff;\r\n    opacity: 0;\r\n    transform: translateY(10px);\r\n    margin: 10px 10px;\r\n}\r\n\r\n.hotel-heading {\r\n    font-size: 15px;\r\n    font-weight: 400;\r\n    margin-bottom: 15px;\r\n    color: #ffffff;\r\n}\r\n\r\n.text-columns-wrapper {\r\n    display: flex;\r\n    gap: 40px;\r\n    align-items: flex-start;\r\n}\r\n\r\n.text-column { flex: 1; }\r\n.text-column p { margin: 0; }\r\n\r\n\/* --- LINK STYLES --- *\/\r\n#wrapper-1 .hotel-text-content a {\r\n    color: #ffffff !important;\r\n    text-decoration: underline;\r\n    transition: opacity 0.3s ease;\r\n}\r\n\r\n#wrapper-1 .hotel-text-content a:hover {\r\n    opacity: 0.7;\r\n}\r\n\r\n\/* 4. ANIMATION TRIGGERS *\/\r\n.animate-now#btn-1 {\r\n    animation: revealFromRight 1.4s cubic-bezier(0.77, 0, 0.175, 1) forwards;\r\n    visibility: visible;\r\n    opacity: 1;\r\n}\r\n\r\n.animate-now#wrapper-1 { visibility: visible; opacity: 1; }\r\n.animate-now#wrapper-1 .drawing-path { animation: snakeDraw 3s ease-in-out forwards 1s; }\r\n.animate-now#wrapper-1 .hotel-text-content { animation: fadeInFinal 1s ease forwards 2s; }\r\n\r\n@keyframes revealFromRight {\r\n    0% { clip-path: inset(0 0 0 100%); opacity: 0; transform: translateX(20px); }\r\n    100% { clip-path: inset(0 0 0 0); opacity: 1; transform: translateX(0); }\r\n}\r\n\r\n@keyframes snakeDraw {\r\n    from { stroke-dashoffset: 3500; }\r\n    to { stroke-dashoffset: 0; }\r\n}\r\n\r\n@keyframes fadeInFinal { to { opacity: 1; transform: translateY(0); } }\r\n\r\n\/* 5. MOBILE RESPONSIVENESS *\/\r\n@media (max-width: 767px) {\r\n    #wrapper-1 .hotel-text-content { padding: 50px 15px 15px 15px; }\r\n    .text-columns-wrapper { flex-direction: column; gap: 20px; }\r\n    #wrapper-1 .hotel-text-content p { font-size: 13px; line-height: 1.6; }\r\n}\r\n<\/style>\r\n\r\n<script>\r\n(function($) {\r\n    var isTriggered = false;\r\n    $(window).on('load scroll', function() {\r\n        var wrapper = $('#wrapper-1');\r\n        var btn = $('#btn-1');\r\n        if (wrapper.length && !isTriggered) {\r\n            var bottomOfWindow = $(window).scrollTop() + $(window).height();\r\n            var topOfElement = wrapper.offset().top;\r\n            if (bottomOfWindow > (topOfElement + 150)) {\r\n                isTriggered = true;\r\n                wrapper.addClass('animate-now');\r\n                btn.addClass('animate-now');\r\n                $(window).off('scroll.hotelReveal');\r\n            }\r\n        }\r\n    });\r\n})(jQuery);\r\n<\/script>\t\t\t\t<\/div>\n\t\t\t\t<div class=\"elementor-element elementor-element-e4d56e9 elementor-shape-square e-grid-align-right elementor-grid-0 elementor-widget elementor-widget-social-icons\" data-id=\"e4d56e9\" data-element_type=\"widget\" data-e-type=\"widget\" data-widget_type=\"social-icons.default\">\n\t\t\t\t\t\t\t<div class=\"elementor-social-icons-wrapper elementor-grid\" role=\"list\">\n\t\t\t\t\t\t\t<span class=\"elementor-grid-item\" role=\"listitem\">\n\t\t\t\t\t<a class=\"elementor-icon elementor-social-icon elementor-social-icon-facebook elementor-animation-shrink elementor-repeater-item-7d4b1c3\" target=\"_blank\">\n\t\t\t\t\t\t<span class=\"elementor-screen-only\">Facebook<\/span>\n\t\t\t\t\t\t<i aria-hidden=\"true\" class=\"fab fa-facebook\"><\/i>\t\t\t\t\t<\/a>\n\t\t\t\t<\/span>\n\t\t\t\t\t\t\t<span class=\"elementor-grid-item\" role=\"listitem\">\n\t\t\t\t\t<a class=\"elementor-icon elementor-social-icon elementor-social-icon-twitter elementor-animation-shrink elementor-repeater-item-3c58ecb\" target=\"_blank\">\n\t\t\t\t\t\t<span class=\"elementor-screen-only\">Twitter<\/span>\n\t\t\t\t\t\t<i aria-hidden=\"true\" class=\"fab fa-twitter\"><\/i>\t\t\t\t\t<\/a>\n\t\t\t\t<\/span>\n\t\t\t\t\t\t\t<span class=\"elementor-grid-item\" role=\"listitem\">\n\t\t\t\t\t<a class=\"elementor-icon elementor-social-icon elementor-social-icon-linkedin elementor-animation-shrink elementor-repeater-item-18c8b34\" target=\"_blank\">\n\t\t\t\t\t\t<span class=\"elementor-screen-only\">Linkedin<\/span>\n\t\t\t\t\t\t<i aria-hidden=\"true\" class=\"fab fa-linkedin\"><\/i>\t\t\t\t\t<\/a>\n\t\t\t\t<\/span>\n\t\t\t\t\t<\/div>\n\t\t\t\t\t\t<\/div>\n\t\t\t\t\t<\/div>\n\t\t<\/div>\n\t\t\t\t\t<\/div>\n\t\t<\/section>\n\t\t\t\t\t<\/div>\n\t\t<\/div>\n\t\t\t\t<div class=\"elementor-column elementor-col-50 elementor-top-column elementor-element elementor-element-fade342 animated-slow elementor-hidden-mobile elementor-invisible\" data-id=\"fade342\" data-element_type=\"column\" data-e-type=\"column\" data-settings=\"{&quot;background_background&quot;:&quot;slideshow&quot;,&quot;animation&quot;:&quot;fadeIn&quot;,&quot;animation_delay&quot;:150,&quot;background_slideshow_slide_duration&quot;:4000,&quot;background_slideshow_gallery&quot;:[],&quot;background_slideshow_loop&quot;:&quot;yes&quot;,&quot;background_slideshow_slide_transition&quot;:&quot;fade&quot;,&quot;background_slideshow_transition_duration&quot;:500}\">\n\t\t\t<div class=\"elementor-widget-wrap elementor-element-populated\">\n\t\t\t\t\t\t<div class=\"elementor-element elementor-element-54fbe65 elementor-align-left elementor-mobile-align-left elementor-widget__width-auto elementor-absolute elementor-hidden-mobile elementor-widget elementor-widget-button\" data-id=\"54fbe65\" data-element_type=\"widget\" data-e-type=\"widget\" id=\"btn-1\" data-settings=\"{&quot;_animation&quot;:&quot;none&quot;,&quot;_position&quot;:&quot;absolute&quot;}\" data-widget_type=\"button.default\">\n\t\t\t\t\t\t\t\t\t\t<a class=\"elementor-button elementor-size-sm\" role=\"button\">\n\t\t\t\t\t\t<span class=\"elementor-button-content-wrapper\">\n\t\t\t\t\t\t\t\t\t<span class=\"elementor-button-text\">BESUCHEN SIE UNS<\/span>\n\t\t\t\t\t<\/span>\n\t\t\t\t\t<\/a>\n\t\t\t\t\t\t\t\t<\/div>\n\t\t\t\t<div class=\"elementor-element elementor-element-ba68757 elementor-widget elementor-widget-google_maps\" data-id=\"ba68757\" data-element_type=\"widget\" data-e-type=\"widget\" data-widget_type=\"google_maps.default\">\n\t\t\t\t\t\t\t<div class=\"elementor-custom-embed\">\n\t\t\t<iframe loading=\"lazy\"\n\t\t\t\t\tsrc=\"https:\/\/maps.google.com\/maps?q=Bahnhofstra%C3%9Fe%2024%2C%2086916%20Kaufering%2C%20Germany.&#038;t=m&#038;z=12&#038;output=embed&#038;iwloc=near\"\n\t\t\t\t\ttitle=\"Bahnhofstra\u00dfe 24, 86916 Kaufering, Germany.\"\n\t\t\t\t\taria-label=\"Bahnhofstra\u00dfe 24, 86916 Kaufering, Germany.\"\n\t\t\t><\/iframe>\n\t\t<\/div>\n\t\t\t\t\t\t<\/div>\n\t\t\t\t\t<\/div>\n\t\t<\/div>\n\t\t\t\t\t<\/div>\n\t\t<\/section>\n\t\t\t\t<section class=\"elementor-section elementor-top-section elementor-element elementor-element-59bd15e elementor-section-full_width elementor-hidden-desktop elementor-section-height-default elementor-section-height-default\" data-id=\"59bd15e\" data-element_type=\"section\" data-e-type=\"section\">\n\t\t\t\t\t\t<div class=\"elementor-container elementor-column-gap-default\">\n\t\t\t\t\t<div class=\"elementor-column elementor-col-100 elementor-top-column elementor-element elementor-element-1662c76\" data-id=\"1662c76\" data-element_type=\"column\" data-e-type=\"column\" data-settings=\"{&quot;background_background&quot;:&quot;classic&quot;}\">\n\t\t\t<div class=\"elementor-widget-wrap elementor-element-populated\">\n\t\t\t\t\t\t<section class=\"elementor-section elementor-inner-section elementor-element elementor-element-deaf243 elementor-section-boxed elementor-section-height-default elementor-section-height-default\" data-id=\"deaf243\" data-element_type=\"section\" data-e-type=\"section\">\n\t\t\t\t\t\t<div class=\"elementor-container elementor-column-gap-default\">\n\t\t\t\t\t<div class=\"elementor-column elementor-col-100 elementor-inner-column elementor-element elementor-element-2a89b4b elementor-invisible\" data-id=\"2a89b4b\" data-element_type=\"column\" data-e-type=\"column\" data-settings=\"{&quot;background_background&quot;:&quot;slideshow&quot;,&quot;animation&quot;:&quot;fadeInDown&quot;,&quot;animation_delay&quot;:100,&quot;background_slideshow_gallery&quot;:[{&quot;id&quot;:1195,&quot;url&quot;:&quot;https:\\\/\\\/www.hotel-rid.de\\\/wp-content\\\/uploads\\\/2026\\\/04\\\/imgi_24_kontakt_1_0.jpg&quot;}],&quot;background_slideshow_loop&quot;:&quot;yes&quot;,&quot;background_slideshow_slide_duration&quot;:5000,&quot;background_slideshow_slide_transition&quot;:&quot;fade&quot;,&quot;background_slideshow_transition_duration&quot;:500}\">\n\t\t\t<div class=\"elementor-widget-wrap elementor-element-populated\">\n\t\t\t\t\t\t<div class=\"elementor-element elementor-element-3111d98 elementor-widget elementor-widget-spacer\" data-id=\"3111d98\" data-element_type=\"widget\" data-e-type=\"widget\" data-widget_type=\"spacer.default\">\n\t\t\t\t\t\t\t<div class=\"elementor-spacer\">\n\t\t\t<div class=\"elementor-spacer-inner\"><\/div>\n\t\t<\/div>\n\t\t\t\t\t\t<\/div>\n\t\t\t\t\t<\/div>\n\t\t<\/div>\n\t\t\t\t\t<\/div>\n\t\t<\/section>\n\t\t\t\t<section class=\"elementor-section elementor-inner-section elementor-element elementor-element-ffc463c animated-slow elementor-section-boxed elementor-section-height-default elementor-section-height-default elementor-invisible\" data-id=\"ffc463c\" data-element_type=\"section\" data-e-type=\"section\" data-settings=\"{&quot;background_background&quot;:&quot;classic&quot;,&quot;animation&quot;:&quot;fadeIn&quot;}\">\n\t\t\t\t\t\t<div class=\"elementor-container elementor-column-gap-default\">\n\t\t\t\t\t<div class=\"elementor-column elementor-col-100 elementor-inner-column elementor-element elementor-element-b3c9e23 animated-slow elementor-invisible\" data-id=\"b3c9e23\" data-element_type=\"column\" data-e-type=\"column\" data-settings=\"{&quot;animation&quot;:&quot;fadeIn&quot;,&quot;animation_delay&quot;:1000}\">\n\t\t\t<div class=\"elementor-widget-wrap elementor-element-populated\">\n\t\t\t\t\t\t<div class=\"elementor-element elementor-element-73ca0d7 elementor-widget elementor-widget-html\" data-id=\"73ca0d7\" data-element_type=\"widget\" data-e-type=\"widget\" data-widget_type=\"html.default\">\n\t\t\t\t\t<div id=\"wrapper-01\" class=\"hotel-outer-box\">\r\n    <svg viewBox=\"0 0 500 500\" preserveAspectRatio=\"none\" class=\"hotel-line-svg\">\r\n        <path d=\"M350,2 L2,2 L2,498 L340,498\" class=\"drawing-path\"><\/path>\r\n    <\/svg>\r\n\r\n    <div class=\"hotel-text-content\">\r\n        <div class=\"text-columns-wrapper\">\r\n            <div class=\"text-column\">\r\n                <h3 class=\"hotel-heading\">Hotel Rid<\/h3>\r\n                <p>Bahnhofstra\u00dfe 24<br>\r\n                86916 Kaufering<br>\r\n                Rezeption: <a href=\"tel:+4981916580\">+49 8191 658 0<\/a><br>\r\n                Telefax: <a href=\"tel:+498191658329\">+49 8191 658 329<\/a><br>\r\n                E-Mail (Rezeption): <a href=\"mailto:mail@hotel-rid.de\">mail@hotel-rid.de<\/a>\r\n                <\/p><br>\r\n                <p >Unsere Entfernung nach M\u00fcnchen betr\u00e4gt ca. 50 km. Kaufering liegt ideal auf der Strecke f\u00fcr Reisende, die zwischen M\u00fcnchen und Lindau bzw. in die Schweiz unterwegs sind.<\/p><br>\r\n                <p>Der Bahnhof von Kaufering ist gegen\u00fcber von unserem Hotel. Alle 40 Minuten f\u00e4hrt dort ein Zug in die Landeshauptstadt.<\/p>\r\n            <\/div>\r\n            <div class=\"text-column\">\r\n                <h3 class=\"hotel-heading\">\u00d6ffnungszeiten Rezeption<\/h3>\r\n                <p>Mo-Fr: 6:30 - 22:00 Uhr<\/p>\r\n                <p>Am Wochenende ist unsere Rezeption nicht durchgehend besetzt.<\/p>\r\n            <\/div>\r\n        <\/div>\r\n    <\/div>\r\n<\/div>\r\n\r\n<style>\r\n\/* 1. INITIAL HIDDEN STATES *\/\r\n#btn-01, #wrapper-01 { \r\n    opacity: 0; \r\n    visibility: hidden;\r\n    will-change: opacity;\r\n}\r\n\r\n.hotel-outer-box {\r\n    position: relative;\r\n    width: 100%;\r\n    max-width: 800px; \/* Adjusted for two columns *\/\r\n    display: inline-block; \r\n}\r\n\r\n\/* 2. THE LINE - WHITE VERSION *\/\r\n.hotel-line-svg {\r\n    position: absolute;\r\n    top: 0; left: 0;\r\n    width: 100%; height: 100%;\r\n    fill: none;\r\n    z-index: 1;\r\n}\r\n\r\n#wrapper-01 .drawing-path {\r\n    stroke: #ffffff;\r\n    stroke-width: 2;\r\n    stroke-dasharray: 3500;\r\n    stroke-dashoffset: 3500;\r\n    vector-effect: non-scaling-stroke;\r\n    stroke-linecap: round;\r\n    stroke-linejoin: round;\r\n}\r\n\r\n\/* 3. THE TEXT CONTENT *\/\r\n#wrapper-01 .hotel-text-content {\r\n    position: relative;\r\n    z-index: 2;\r\n    padding: 70px 40px 40px 40px; \r\n    font-family: 'Roboto Condensed', sans-serif;\r\n    font-weight: 300;\r\n    font-size: 14px;\r\n    line-height: 1.7;\r\n    color: #ffffff;\r\n    opacity: 0;\r\n    transform: translateY(10px);\r\n    margin: 10px 10px;\r\n}\r\n\r\n.hotel-heading {\r\n    font-size: 15px;\r\n    font-weight: 400;\r\n    margin-bottom: 15px;\r\n    color: #ffffff;\r\n}\r\n\r\n.text-columns-wrapper {\r\n    display: flex;\r\n    gap: 40px;\r\n    align-items: flex-start;\r\n}\r\n\r\n.text-column { flex: 1; }\r\n.text-column p { margin: 0; }\r\n\r\n\/* --- LINK STYLES --- *\/\r\n#wrapper-01 .hotel-text-content a {\r\n    color: #ffffff !important;\r\n    text-decoration: underline;\r\n    transition: opacity 0.3s ease;\r\n}\r\n\r\n#wrapper-01 .hotel-text-content a:hover {\r\n    opacity: 0.7;\r\n}\r\n\r\n\/* 4. ANIMATION TRIGGERS *\/\r\n.animate-now#btn-01 {\r\n    animation: revealFromRight 1.4s cubic-bezier(0.77, 0, 0.175, 1) forwards;\r\n    visibility: visible;\r\n    opacity: 1;\r\n}\r\n\r\n.animate-now#wrapper-01 { visibility: visible; opacity: 1; }\r\n.animate-now#wrapper-01 .drawing-path { animation: snakeDraw 3s ease-in-out forwards 1s; }\r\n.animate-now#wrapper-01 .hotel-text-content { animation: fadeInFinal 1s ease forwards 2s; }\r\n\r\n@keyframes revealFromRight {\r\n    0% { clip-path: inset(0 0 0 100%); opacity: 0; transform: translateX(20px); }\r\n    100% { clip-path: inset(0 0 0 0); opacity: 1; transform: translateX(0); }\r\n}\r\n\r\n@keyframes snakeDraw {\r\n    from { stroke-dashoffset: 3500; }\r\n    to { stroke-dashoffset: 0; }\r\n}\r\n\r\n@keyframes fadeInFinal { to { opacity: 1; transform: translateY(0); } }\r\n\r\n\/* 5. MOBILE RESPONSIVENESS *\/\r\n@media (max-width: 767px) {\r\n    #wrapper-01 .hotel-text-content { padding: 50px 15px 15px 15px; }\r\n    .text-columns-wrapper { flex-direction: column; gap: 20px; }\r\n    #wrapper-01 .hotel-text-content p { font-size: 13px; line-height: 1.6; }\r\n    #wrapper-01 .drawing-path {\r\n        stroke-width: 1.5; \/* Thinner line looks cleaner on small screens *\/\r\n    }\r\n}\r\n<\/style>\r\n\r\n<script>\r\n(function($) {\r\n    var isTriggered = false;\r\n    $(window).on('load scroll', function() {\r\n        var wrapper = $('#wrapper-01');\r\n        var btn = $('#btn-01');\r\n        if (wrapper.length && !isTriggered) {\r\n            var bottomOfWindow = $(window).scrollTop() + $(window).height();\r\n            var topOfElement = wrapper.offset().top;\r\n            if (bottomOfWindow > (topOfElement + 150)) {\r\n                isTriggered = true;\r\n                wrapper.addClass('animate-now');\r\n                btn.addClass('animate-now');\r\n                $(window).off('scroll.hotelReveal');\r\n            }\r\n        }\r\n    });\r\n})(jQuery);\r\n<\/script>\t\t\t\t<\/div>\n\t\t\t\t<div class=\"elementor-element elementor-element-b921efd elementor-shape-square e-grid-align-right elementor-grid-0 elementor-widget elementor-widget-social-icons\" data-id=\"b921efd\" data-element_type=\"widget\" data-e-type=\"widget\" data-widget_type=\"social-icons.default\">\n\t\t\t\t\t\t\t<div class=\"elementor-social-icons-wrapper elementor-grid\" role=\"list\">\n\t\t\t\t\t\t\t<span class=\"elementor-grid-item\" role=\"listitem\">\n\t\t\t\t\t<a class=\"elementor-icon elementor-social-icon elementor-social-icon-facebook elementor-animation-shrink elementor-repeater-item-7d4b1c3\" target=\"_blank\">\n\t\t\t\t\t\t<span class=\"elementor-screen-only\">Facebook<\/span>\n\t\t\t\t\t\t<i aria-hidden=\"true\" class=\"fab fa-facebook\"><\/i>\t\t\t\t\t<\/a>\n\t\t\t\t<\/span>\n\t\t\t\t\t\t\t<span class=\"elementor-grid-item\" role=\"listitem\">\n\t\t\t\t\t<a class=\"elementor-icon elementor-social-icon elementor-social-icon-twitter elementor-animation-shrink elementor-repeater-item-3c58ecb\" target=\"_blank\">\n\t\t\t\t\t\t<span class=\"elementor-screen-only\">Twitter<\/span>\n\t\t\t\t\t\t<i aria-hidden=\"true\" class=\"fab fa-twitter\"><\/i>\t\t\t\t\t<\/a>\n\t\t\t\t<\/span>\n\t\t\t\t\t\t\t<span class=\"elementor-grid-item\" role=\"listitem\">\n\t\t\t\t\t<a class=\"elementor-icon elementor-social-icon elementor-social-icon-linkedin elementor-animation-shrink elementor-repeater-item-18c8b34\" target=\"_blank\">\n\t\t\t\t\t\t<span class=\"elementor-screen-only\">Linkedin<\/span>\n\t\t\t\t\t\t<i aria-hidden=\"true\" class=\"fab fa-linkedin\"><\/i>\t\t\t\t\t<\/a>\n\t\t\t\t<\/span>\n\t\t\t\t\t<\/div>\n\t\t\t\t\t\t<\/div>\n\t\t\t\t\t<\/div>\n\t\t<\/div>\n\t\t\t\t\t<\/div>\n\t\t<\/section>\n\t\t\t\t<div class=\"elementor-element elementor-element-efcf70b elementor-align-left elementor-mobile-align-right elementor-widget__width-auto elementor-absolute elementor-widget elementor-widget-button\" data-id=\"efcf70b\" data-element_type=\"widget\" data-e-type=\"widget\" id=\"btn-01\" data-settings=\"{&quot;_animation&quot;:&quot;none&quot;,&quot;_position&quot;:&quot;absolute&quot;}\" data-widget_type=\"button.default\">\n\t\t\t\t\t\t\t\t\t\t<a class=\"elementor-button elementor-size-sm\" role=\"button\">\n\t\t\t\t\t\t<span class=\"elementor-button-content-wrapper\">\n\t\t\t\t\t\t\t\t\t<span class=\"elementor-button-text\">BESUCHEN SIE UNS<\/span>\n\t\t\t\t\t<\/span>\n\t\t\t\t\t<\/a>\n\t\t\t\t\t\t\t\t<\/div>\n\t\t\t\t\t<\/div>\n\t\t<\/div>\n\t\t\t\t\t<\/div>\n\t\t<\/section>\n\t\t\t\t<\/div>\n\t\t","protected":false},"excerpt":{"rendered":"<p>Hotel Rid Bahnhofstra\u00dfe 24 86916 Kaufering Rezeption: +49 8191 658 0 Telefax: +49 8191 658 329 E-Mail (Rezeption): mail@hotel-rid.de Unsere Entfernung nach M\u00fcnchen betr\u00e4gt ca. 50 km. Kaufering liegt ideal auf der Strecke f\u00fcr Reisende, die zwischen M\u00fcnchen und Lindau bzw. in die Schweiz unterwegs sind. Der Bahnhof von Kaufering ist gegen\u00fcber von unserem Hotel. [&hellip;]<\/p>\n","protected":false},"author":2,"featured_media":0,"parent":0,"menu_order":0,"comment_status":"closed","ping_status":"closed","template":"elementor_header_footer","meta":{"footnotes":""},"class_list":["post-24","page","type-page","status-publish","hentry"],"_links":{"self":[{"href":"https:\/\/www.hotel-rid.de\/en\/wp-json\/wp\/v2\/pages\/24","targetHints":{"allow":["GET"]}}],"collection":[{"href":"https:\/\/www.hotel-rid.de\/en\/wp-json\/wp\/v2\/pages"}],"about":[{"href":"https:\/\/www.hotel-rid.de\/en\/wp-json\/wp\/v2\/types\/page"}],"author":[{"embeddable":true,"href":"https:\/\/www.hotel-rid.de\/en\/wp-json\/wp\/v2\/users\/2"}],"replies":[{"embeddable":true,"href":"https:\/\/www.hotel-rid.de\/en\/wp-json\/wp\/v2\/comments?post=24"}],"version-history":[{"count":61,"href":"https:\/\/www.hotel-rid.de\/en\/wp-json\/wp\/v2\/pages\/24\/revisions"}],"predecessor-version":[{"id":2023,"href":"https:\/\/www.hotel-rid.de\/en\/wp-json\/wp\/v2\/pages\/24\/revisions\/2023"}],"wp:attachment":[{"href":"https:\/\/www.hotel-rid.de\/en\/wp-json\/wp\/v2\/media?parent=24"}],"curies":[{"name":"wp","href":"https:\/\/api.w.org\/{rel}","templated":true}]}}